{"id":2320,"date":"2023-07-29T11:35:39","date_gmt":"2023-07-29T10:35:39","guid":{"rendered":"https:\/\/carimportibiza.com\/?post_type=product&#038;p=2320"},"modified":"2025-03-04T19:18:41","modified_gmt":"2025-03-04T18:18:41","slug":"distintivo-ambiental","status":"publish","type":"product","link":"https:\/\/carimportibiza.com\/es\/producto\/distintivo-ambiental\/","title":{"rendered":"DISTINTIVO AMBIENTAL"},"content":{"rendered":"<p class=\"has-medium-font-size\">\u00bfQu\u00e9 veh\u00edculos pueden llevar una pegatina medioambiental?<\/p>\n\n\n\n<figure class=\"wp-block-image size-thumbnail is-resized is-style-default\"><img decoding=\"async\" src=\"https:\/\/carimportibiza.com\/wp-content\/uploads\/2023\/08\/0_sticker-150x150.jpg\" alt=\"\" class=\"wp-image-2345\" width=\"100\" height=\"100\" srcset=\"https:\/\/carimportibiza.com\/wp-content\/uploads\/2023\/08\/0_sticker-150x150.jpg 150w, https:\/\/carimportibiza.com\/wp-content\/uploads\/2023\/08\/0_sticker-100x100.jpg 100w, https:\/\/carimportibiza.com\/wp-content\/uploads\/2023\/08\/0_sticker.jpg 296w\" sizes=\"(max-width: 100px) 100vw, 100px\" \/><\/figure>\n\n\n\n<p>Pegatina 0<\/p>\n\n\n\n<ul class=\"wp-block-list\">\n<li>Coches el\u00e9ctricos con o sin extensor de autonom\u00eda<\/li>\n\n\n\n<li>Veh\u00edculos h\u00edbridos enchufables con una autonom\u00eda el\u00e9ctrica de al menos 40 km<\/li>\n\n\n\n<li>Veh\u00edculos con pila de combustible<br><\/li>\n<\/ul>\n\n\n\n<figure class=\"wp-block-image size-thumbnail is-resized\"><img decoding=\"async\" src=\"https:\/\/carimportibiza.com\/wp-content\/uploads\/2023\/08\/ECO_sticker-150x150.jpg\" alt=\"\" class=\"wp-image-2346\" width=\"100\" height=\"100\" srcset=\"https:\/\/carimportibiza.com\/wp-content\/uploads\/2023\/08\/ECO_sticker-150x150.jpg 150w, https:\/\/carimportibiza.com\/wp-content\/uploads\/2023\/08\/ECO_sticker-100x100.jpg 100w, https:\/\/carimportibiza.com\/wp-content\/uploads\/2023\/08\/ECO_sticker.jpg 296w\" sizes=\"(max-width: 100px) 100vw, 100px\" \/><\/figure>\n\n\n\n<p>Pegatine Eco<\/p>\n\n\n\n<ul class=\"wp-block-list\">\n<li>Veh\u00edculos h\u00edbridos enchufables con una autonom\u00eda el\u00e9ctrica de hasta 40 km<\/li>\n\n\n\n<li>Veh\u00edculos h\u00edbridos no recargables<\/li>\n\n\n\n<li>Veh\u00edculos que funcionan con gas natural o GLP<br><\/li>\n<\/ul>\n\n\n\n<figure class=\"wp-block-image size-thumbnail is-resized\"><img decoding=\"async\" src=\"https:\/\/carimportibiza.com\/wp-content\/uploads\/2023\/08\/B_sticker-150x150.jpg\" alt=\"\" class=\"wp-image-2347\" width=\"100\" height=\"100\" srcset=\"https:\/\/carimportibiza.com\/wp-content\/uploads\/2023\/08\/B_sticker-150x150.jpg 150w, https:\/\/carimportibiza.com\/wp-content\/uploads\/2023\/08\/B_sticker-100x100.jpg 100w, https:\/\/carimportibiza.com\/wp-content\/uploads\/2023\/08\/B_sticker.jpg 296w\" sizes=\"(max-width: 100px) 100vw, 100px\" \/><\/figure>\n\n\n\n<p>Pegatina B<\/p>\n\n\n\n<ul class=\"wp-block-list\">\n<li>Autom\u00f3viles con motor de gasolina, con matr\u00edcula expedida despu\u00e9s de enero de 2001<\/li>\n\n\n\n<li>Autom\u00f3viles con motor di\u00e9sel, con matr\u00edcula expedida despu\u00e9s de enero de 2006<br><\/li>\n<\/ul>\n\n\n\n<figure class=\"wp-block-image size-thumbnail is-resized\"><img loading=\"lazy\" decoding=\"async\" src=\"https:\/\/carimportibiza.com\/wp-content\/uploads\/2023\/08\/C_sticker-150x150.jpg\" alt=\"\" class=\"wp-image-2348\" width=\"100\" height=\"100\" srcset=\"https:\/\/carimportibiza.com\/wp-content\/uploads\/2023\/08\/C_sticker-150x150.jpg 150w, https:\/\/carimportibiza.com\/wp-content\/uploads\/2023\/08\/C_sticker-100x100.jpg 100w, https:\/\/carimportibiza.com\/wp-content\/uploads\/2023\/08\/C_sticker.jpg 296w\" sizes=\"(max-width: 100px) 100vw, 100px\" \/><\/figure>\n\n\n\n<p>Pegatina C<\/p>\n\n\n\n<ul class=\"wp-block-list\">\n<li>Autom\u00f3viles con motor de gasolina, con matr\u00edcula expedida despu\u00e9s de enero de 2006<\/li>\n\n\n\n<li>Autom\u00f3viles con motor di\u00e9sel, con matr\u00edcula expedida despu\u00e9s de septiembre de 2015<\/li>\n<\/ul>","protected":false},"excerpt":{"rendered":"<p>Desde enero 2024 es obligatorio llevar un distintivo ambiental para entrar con el coche en ciudades espa\u00f1olas con m\u00e1s de 50.000 habitantes.<\/p>\n<p>Pide ahora tu pegatina f\u00e1cilmente en Car Import Ibiza en 3 pasos:<br \/>1. Sube una foto o escaneo de tu permiso de circulaci\u00f3n extranjero<br \/>2. Pagar en l\u00ednea<br \/>3. Recoge la pegatina en Santa Eularia tras recibir el aviso de recogida<\/p>","protected":false},"featured_media":2446,"comment_status":"open","ping_status":"closed","template":"","meta":{"_joinchat":[]},"product_brand":[],"product_cat":[31],"product_tag":[],"class_list":{"0":"post-2320","1":"product","2":"type-product","3":"status-publish","4":"has-post-thumbnail","6":"product_cat-dgt","8":"first","9":"instock","10":"sold-individually","11":"taxable","12":"shipping-taxable","13":"purchasable","14":"product-type-variable","15":"has-default-attributes"},"_links":{"self":[{"href":"https:\/\/carimportibiza.com\/es\/wp-json\/wp\/v2\/product\/2320","targetHints":{"allow":["GET"]}}],"collection":[{"href":"https:\/\/carimportibiza.com\/es\/wp-json\/wp\/v2\/product"}],"about":[{"href":"https:\/\/carimportibiza.com\/es\/wp-json\/wp\/v2\/types\/product"}],"replies":[{"embeddable":true,"href":"https:\/\/carimportibiza.com\/es\/wp-json\/wp\/v2\/comments?post=2320"}],"wp:featuredmedia":[{"embeddable":true,"href":"https:\/\/carimportibiza.com\/es\/wp-json\/wp\/v2\/media\/2446"}],"wp:attachment":[{"href":"https:\/\/carimportibiza.com\/es\/wp-json\/wp\/v2\/media?parent=2320"}],"wp:term":[{"taxonomy":"product_brand","embeddable":true,"href":"https:\/\/carimportibiza.com\/es\/wp-json\/wp\/v2\/product_brand?post=2320"},{"taxonomy":"product_cat","embeddable":true,"href":"https:\/\/carimportibiza.com\/es\/wp-json\/wp\/v2\/product_cat?post=2320"},{"taxonomy":"product_tag","embeddable":true,"href":"https:\/\/carimportibiza.com\/es\/wp-json\/wp\/v2\/product_tag?post=2320"}],"curies":[{"name":"wp","href":"https:\/\/api.w.org\/{rel}","templated":true}]}}